{"id":5898,"date":"2021-05-25T09:56:16","date_gmt":"2021-05-25T09:56:16","guid":{"rendered":"https:\/\/horizont.dfvcg-events.de\/digital-marketing-days\/?page_id=5898"},"modified":"2025-10-09T13:40:48","modified_gmt":"2025-10-09T13:40:48","slug":"jetzt-anmelden","status":"publish","type":"page","link":"https:\/\/horizont.dfvcg-events.de\/digital-marketing-days\/jetzt-anmelden\/","title":{"rendered":"Jetzt anmelden!"},"content":{"rendered":"<div id='av_section_1'  class='avia-section av-fxdr7x-faf0f116300b8a40c12375893b067c5f main_color avia-section-small avia-no-border-styling  avia-builder-el-0  el_before_av_heading  avia-builder-el-first  header-verlauf avia-bg-style-scroll container_wrap fullsize'  ><div class='container av-section-cont-open' ><main  role=\"main\" itemprop=\"mainContentOfPage\"  class='template-page content  av-content-full alpha units'><div class='post-entry post-entry-type-page post-entry-5898'><div class='entry-content-wrapper clearfix'>\n\n<style type=\"text\/css\" data-created_by=\"avia_inline_auto\" id=\"style-css-av-jsodpn99-dba09f352b4627cafe49ebe0a1f27de0\">\n#top .av-special-heading.av-jsodpn99-dba09f352b4627cafe49ebe0a1f27de0{\npadding-bottom:0;\ncolor:#ffffff;\n}\nbody .av-special-heading.av-jsodpn99-dba09f352b4627cafe49ebe0a1f27de0 .av-special-heading-tag .heading-char{\nfont-size:25px;\n}\n.av-special-heading.av-jsodpn99-dba09f352b4627cafe49ebe0a1f27de0 .special-heading-inner-border{\nborder-color:#ffffff;\n}\n.av-special-heading.av-jsodpn99-dba09f352b4627cafe49ebe0a1f27de0 .av-subheading{\nfont-size:24px;\n}\n\n@media only screen and (min-width: 768px) and (max-width: 989px){ \n#top #wrap_all .av-special-heading.av-jsodpn99-dba09f352b4627cafe49ebe0a1f27de0 .av-special-heading-tag{\nfont-size:56px;\n}\n}\n\n@media only screen and (min-width: 480px) and (max-width: 767px){ \n#top #wrap_all .av-special-heading.av-jsodpn99-dba09f352b4627cafe49ebe0a1f27de0 .av-special-heading-tag{\nfont-size:48px;\n}\n}\n\n@media only screen and (max-width: 479px){ \n#top #wrap_all .av-special-heading.av-jsodpn99-dba09f352b4627cafe49ebe0a1f27de0 .av-special-heading-tag{\nfont-size:31px;\n}\n}\n<\/style>\n<div  class='av-special-heading av-jsodpn99-dba09f352b4627cafe49ebe0a1f27de0 av-special-heading-h1 custom-color-heading blockquote modern-quote  avia-builder-el-1  avia-builder-el-no-sibling '><h1 class='av-special-heading-tag '  itemprop=\"headline\"  >Jetzt anmelden!<\/h1><div class=\"special-heading-border\"><div class=\"special-heading-inner-border\"><\/div><\/div><\/div>\n<\/div><\/div><\/main><!-- close content main element --><\/div><\/div><div id='after_section_1'  class='main_color av_default_container_wrap container_wrap fullsize'  ><div class='container av-section-cont-open' ><div class='template-page content  av-content-full alpha units'><div class='post-entry post-entry-type-page post-entry-5898'><div class='entry-content-wrapper clearfix'>\n\n<style type=\"text\/css\" data-created_by=\"avia_inline_auto\" id=\"style-css-av-y7ei-3cf423545222ce937dc1d6c281d320d7\">\n#top .av-special-heading.av-y7ei-3cf423545222ce937dc1d6c281d320d7{\npadding-bottom:15px;\n}\nbody .av-special-heading.av-y7ei-3cf423545222ce937dc1d6c281d320d7 .av-special-heading-tag .heading-char{\nfont-size:25px;\n}\n.av-special-heading.av-y7ei-3cf423545222ce937dc1d6c281d320d7 .av-subheading{\nfont-size:17px;\n}\n\n@media only screen and (min-width: 480px) and (max-width: 767px){ \n#top #wrap_all .av-special-heading.av-y7ei-3cf423545222ce937dc1d6c281d320d7 .av-special-heading-tag{\nfont-size:32px;\n}\n}\n\n@media only screen and (max-width: 479px){ \n#top #wrap_all .av-special-heading.av-y7ei-3cf423545222ce937dc1d6c281d320d7 .av-special-heading-tag{\nfont-size:27px;\n}\n}\n<\/style>\n<div  class='av-special-heading av-y7ei-3cf423545222ce937dc1d6c281d320d7 av-special-heading-h2 blockquote modern-quote  avia-builder-el-2  el_after_av_section  el_before_av_codeblock  avia-builder-el-first '><h2 class='av-special-heading-tag '  itemprop=\"headline\"  >Jetzt das Ticket f\u00fcr 2026 sichern<\/h2><div class='av-subheading av-subheading_below'><p>(alle Preise verstehen sich zzgl. gesetzl. MwSt.)<\/p>\n<\/div><div class=\"special-heading-border\"><div class=\"special-heading-inner-border\"><\/div><\/div><\/div>\n\n","protected":false},"excerpt":{"rendered":"","protected":false},"author":7,"featured_media":0,"parent":0,"menu_order":0,"comment_status":"closed","ping_status":"closed","template":"","meta":{"footnotes":""},"class_list":["post-5898","page","type-page","status-publish","hentry"],"yoast_head":"<!-- This site is optimized with the Yoast SEO plugin v27.2 - https:\/\/yoast.com\/product\/yoast-seo-wordpress\/ -->\n<title>Digital Marketing Days - Jetzt anmelden!<\/title>\n<meta name=\"description\" content=\"Seien Sie dabei und treffen Sie F\u00fchrungskr\u00e4fte, Unternehmer und Top-Entscheider aus f\u00fchrenden Unternehmen der Branche. Jetzt anmelden!\" \/>\n<meta name=\"robots\" content=\"index, follow, max-snippet:-1, max-image-preview:large, max-video-preview:-1\" \/>\n<link rel=\"canonical\" href=\"https:\/\/horizont.dfvcg-events.de\/digital-marketing-days\/jetzt-anmelden\/\" \/>\n<meta property=\"og:locale\" content=\"de_DE\" \/>\n<meta property=\"og:type\" content=\"article\" \/>\n<meta property=\"og:title\" content=\"Digital Marketing Days - Jetzt anmelden!\" \/>\n<meta property=\"og:description\" content=\"Seien Sie dabei und treffen Sie F\u00fchrungskr\u00e4fte, Unternehmer und Top-Entscheider aus f\u00fchrenden Unternehmen der Branche. Jetzt anmelden!\" \/>\n<meta property=\"og:url\" content=\"https:\/\/horizont.dfvcg-events.de\/digital-marketing-days\/jetzt-anmelden\/\" \/>\n<meta property=\"og:site_name\" content=\"Digital Marketing Days\" \/>\n<meta property=\"article:publisher\" content=\"https:\/\/www.facebook.com\/Horizont\" \/>\n<meta property=\"article:modified_time\" content=\"2025-10-09T13:40:48+00:00\" \/>\n<meta name=\"twitter:card\" content=\"summary_large_image\" \/>\n<meta name=\"twitter:label1\" content=\"Gesch\u00e4tzte Lesezeit\" \/>\n\t<meta name=\"twitter:data1\" content=\"1\u00a0Minute\" \/>\n<script type=\"application\/ld+json\" class=\"yoast-schema-graph\">{\"@context\":\"https:\/\/schema.org\",\"@graph\":[{\"@type\":\"WebPage\",\"@id\":\"https:\/\/horizont.dfvcg-events.de\/digital-marketing-days\/jetzt-anmelden\/\",\"url\":\"https:\/\/horizont.dfvcg-events.de\/digital-marketing-days\/jetzt-anmelden\/\",\"name\":\"Digital Marketing Days - Jetzt anmelden!\",\"isPartOf\":{\"@id\":\"https:\/\/horizont.dfvcg-events.de\/digital-marketing-days\/#website\"},\"datePublished\":\"2021-05-25T09:56:16+00:00\",\"dateModified\":\"2025-10-09T13:40:48+00:00\",\"description\":\"Seien Sie dabei und treffen Sie F\u00fchrungskr\u00e4fte, Unternehmer und Top-Entscheider aus f\u00fchrenden Unternehmen der Branche. Jetzt anmelden!\",\"breadcrumb\":{\"@id\":\"https:\/\/horizont.dfvcg-events.de\/digital-marketing-days\/jetzt-anmelden\/#breadcrumb\"},\"inLanguage\":\"de\",\"potentialAction\":[{\"@type\":\"ReadAction\",\"target\":[\"https:\/\/horizont.dfvcg-events.de\/digital-marketing-days\/jetzt-anmelden\/\"]}]},{\"@type\":\"BreadcrumbList\",\"@id\":\"https:\/\/horizont.dfvcg-events.de\/digital-marketing-days\/jetzt-anmelden\/#breadcrumb\",\"itemListElement\":[{\"@type\":\"ListItem\",\"position\":1,\"name\":\"Startseite\",\"item\":\"https:\/\/horizont.dfvcg-events.de\/digital-marketing-days\/\"},{\"@type\":\"ListItem\",\"position\":2,\"name\":\"Jetzt anmelden!\"}]},{\"@type\":\"WebSite\",\"@id\":\"https:\/\/horizont.dfvcg-events.de\/digital-marketing-days\/#website\",\"url\":\"https:\/\/horizont.dfvcg-events.de\/digital-marketing-days\/\",\"name\":\"Digital Marketing Days\",\"description\":\"Der j\u00e4hrliche Trend-Check f\u00fcr das Digital Marketing-und Bewegbild-Business\",\"publisher\":{\"@id\":\"https:\/\/horizont.dfvcg-events.de\/digital-marketing-days\/#organization\"},\"alternateName\":\"Horizont & dfv Conference Group\",\"potentialAction\":[{\"@type\":\"SearchAction\",\"target\":{\"@type\":\"EntryPoint\",\"urlTemplate\":\"https:\/\/horizont.dfvcg-events.de\/digital-marketing-days\/?s={search_term_string}\"},\"query-input\":{\"@type\":\"PropertyValueSpecification\",\"valueRequired\":true,\"valueName\":\"search_term_string\"}}],\"inLanguage\":\"de\"},{\"@type\":\"Organization\",\"@id\":\"https:\/\/horizont.dfvcg-events.de\/digital-marketing-days\/#organization\",\"name\":\"Digital Marketing Days\",\"url\":\"https:\/\/horizont.dfvcg-events.de\/digital-marketing-days\/\",\"logo\":{\"@type\":\"ImageObject\",\"inLanguage\":\"de\",\"@id\":\"https:\/\/horizont.dfvcg-events.de\/digital-marketing-days\/#\/schema\/logo\/image\/\",\"url\":\"https:\/\/horizont.dfvcg-events.de\/digital-marketing-days\/wp-content\/uploads\/2023\/02\/digital-marketing-days-total-video-2023-header.png\",\"contentUrl\":\"https:\/\/horizont.dfvcg-events.de\/digital-marketing-days\/wp-content\/uploads\/2023\/02\/digital-marketing-days-total-video-2023-header.png\",\"width\":708,\"height\":325,\"caption\":\"Digital Marketing Days\"},\"image\":{\"@id\":\"https:\/\/horizont.dfvcg-events.de\/digital-marketing-days\/#\/schema\/logo\/image\/\"},\"sameAs\":[\"https:\/\/www.facebook.com\/Horizont\",\"https:\/\/www.youtube.com\/playlist?list=PLe9KlF3kLMLneK-NGUU3-bkRK9l7p9LpR\",\"https:\/\/www.xing.com\/events\/horizont-digital-marketing-days-2019-2028382\"]}]}<\/script>\n<!-- \/ Yoast SEO plugin. -->","yoast_head_json":{"title":"Digital Marketing Days - Jetzt anmelden!","description":"Seien Sie dabei und treffen Sie F\u00fchrungskr\u00e4fte, Unternehmer und Top-Entscheider aus f\u00fchrenden Unternehmen der Branche. Jetzt anmelden!","robots":{"index":"index","follow":"follow","max-snippet":"max-snippet:-1","max-image-preview":"max-image-preview:large","max-video-preview":"max-video-preview:-1"},"canonical":"https:\/\/horizont.dfvcg-events.de\/digital-marketing-days\/jetzt-anmelden\/","og_locale":"de_DE","og_type":"article","og_title":"Digital Marketing Days - Jetzt anmelden!","og_description":"Seien Sie dabei und treffen Sie F\u00fchrungskr\u00e4fte, Unternehmer und Top-Entscheider aus f\u00fchrenden Unternehmen der Branche. Jetzt anmelden!","og_url":"https:\/\/horizont.dfvcg-events.de\/digital-marketing-days\/jetzt-anmelden\/","og_site_name":"Digital Marketing Days","article_publisher":"https:\/\/www.facebook.com\/Horizont","article_modified_time":"2025-10-09T13:40:48+00:00","twitter_card":"summary_large_image","twitter_misc":{"Gesch\u00e4tzte Lesezeit":"1\u00a0Minute"},"schema":{"@context":"https:\/\/schema.org","@graph":[{"@type":"WebPage","@id":"https:\/\/horizont.dfvcg-events.de\/digital-marketing-days\/jetzt-anmelden\/","url":"https:\/\/horizont.dfvcg-events.de\/digital-marketing-days\/jetzt-anmelden\/","name":"Digital Marketing Days - Jetzt anmelden!","isPartOf":{"@id":"https:\/\/horizont.dfvcg-events.de\/digital-marketing-days\/#website"},"datePublished":"2021-05-25T09:56:16+00:00","dateModified":"2025-10-09T13:40:48+00:00","description":"Seien Sie dabei und treffen Sie F\u00fchrungskr\u00e4fte, Unternehmer und Top-Entscheider aus f\u00fchrenden Unternehmen der Branche. Jetzt anmelden!","breadcrumb":{"@id":"https:\/\/horizont.dfvcg-events.de\/digital-marketing-days\/jetzt-anmelden\/#breadcrumb"},"inLanguage":"de","potentialAction":[{"@type":"ReadAction","target":["https:\/\/horizont.dfvcg-events.de\/digital-marketing-days\/jetzt-anmelden\/"]}]},{"@type":"BreadcrumbList","@id":"https:\/\/horizont.dfvcg-events.de\/digital-marketing-days\/jetzt-anmelden\/#breadcrumb","itemListElement":[{"@type":"ListItem","position":1,"name":"Startseite","item":"https:\/\/horizont.dfvcg-events.de\/digital-marketing-days\/"},{"@type":"ListItem","position":2,"name":"Jetzt anmelden!"}]},{"@type":"WebSite","@id":"https:\/\/horizont.dfvcg-events.de\/digital-marketing-days\/#website","url":"https:\/\/horizont.dfvcg-events.de\/digital-marketing-days\/","name":"Digital Marketing Days","description":"Der j\u00e4hrliche Trend-Check f\u00fcr das Digital Marketing-und Bewegbild-Business","publisher":{"@id":"https:\/\/horizont.dfvcg-events.de\/digital-marketing-days\/#organization"},"alternateName":"Horizont & dfv Conference Group","potentialAction":[{"@type":"SearchAction","target":{"@type":"EntryPoint","urlTemplate":"https:\/\/horizont.dfvcg-events.de\/digital-marketing-days\/?s={search_term_string}"},"query-input":{"@type":"PropertyValueSpecification","valueRequired":true,"valueName":"search_term_string"}}],"inLanguage":"de"},{"@type":"Organization","@id":"https:\/\/horizont.dfvcg-events.de\/digital-marketing-days\/#organization","name":"Digital Marketing Days","url":"https:\/\/horizont.dfvcg-events.de\/digital-marketing-days\/","logo":{"@type":"ImageObject","inLanguage":"de","@id":"https:\/\/horizont.dfvcg-events.de\/digital-marketing-days\/#\/schema\/logo\/image\/","url":"https:\/\/horizont.dfvcg-events.de\/digital-marketing-days\/wp-content\/uploads\/2023\/02\/digital-marketing-days-total-video-2023-header.png","contentUrl":"https:\/\/horizont.dfvcg-events.de\/digital-marketing-days\/wp-content\/uploads\/2023\/02\/digital-marketing-days-total-video-2023-header.png","width":708,"height":325,"caption":"Digital Marketing Days"},"image":{"@id":"https:\/\/horizont.dfvcg-events.de\/digital-marketing-days\/#\/schema\/logo\/image\/"},"sameAs":["https:\/\/www.facebook.com\/Horizont","https:\/\/www.youtube.com\/playlist?list=PLe9KlF3kLMLneK-NGUU3-bkRK9l7p9LpR","https:\/\/www.xing.com\/events\/horizont-digital-marketing-days-2019-2028382"]}]}},"_links":{"self":[{"href":"https:\/\/horizont.dfvcg-events.de\/digital-marketing-days\/wp-json\/wp\/v2\/pages\/5898","targetHints":{"allow":["GET"]}}],"collection":[{"href":"https:\/\/horizont.dfvcg-events.de\/digital-marketing-days\/wp-json\/wp\/v2\/pages"}],"about":[{"href":"https:\/\/horizont.dfvcg-events.de\/digital-marketing-days\/wp-json\/wp\/v2\/types\/page"}],"author":[{"embeddable":true,"href":"https:\/\/horizont.dfvcg-events.de\/digital-marketing-days\/wp-json\/wp\/v2\/users\/7"}],"replies":[{"embeddable":true,"href":"https:\/\/horizont.dfvcg-events.de\/digital-marketing-days\/wp-json\/wp\/v2\/comments?post=5898"}],"version-history":[{"count":13,"href":"https:\/\/horizont.dfvcg-events.de\/digital-marketing-days\/wp-json\/wp\/v2\/pages\/5898\/revisions"}],"predecessor-version":[{"id":10584,"href":"https:\/\/horizont.dfvcg-events.de\/digital-marketing-days\/wp-json\/wp\/v2\/pages\/5898\/revisions\/10584"}],"wp:attachment":[{"href":"https:\/\/horizont.dfvcg-events.de\/digital-marketing-days\/wp-json\/wp\/v2\/media?parent=5898"}],"curies":[{"name":"wp","href":"https:\/\/api.w.org\/{rel}","templated":true}]}}