{"id":6048,"date":"2021-12-03T12:53:13","date_gmt":"2021-12-03T11:53:13","guid":{"rendered":"https:\/\/horizont.dfvcg-events.de\/werbewirkungsgipfel\/?page_id=6048"},"modified":"2025-09-04T13:12:23","modified_gmt":"2025-09-04T11:12:23","slug":"jetzt-anmelden","status":"publish","type":"page","link":"https:\/\/horizont.dfvcg-events.de\/werbewirkungsgipfel\/jetzt-anmelden\/","title":{"rendered":"Jetzt anmelden!"},"content":{"rendered":"<div id='av_section_1'  class='avia-section av-geggul-07f1b300f9611829d1f97910dcb660c8 main_color avia-section-small avia-no-border-styling  avia-builder-el-0  el_before_av_heading  avia-builder-el-first  header-verlauf avia-bg-style-scroll container_wrap fullsize'  ><div class='container av-section-cont-open' ><main  role=\"main\" itemprop=\"mainContentOfPage\"  class='template-page content  av-content-full alpha units'><div class='post-entry post-entry-type-page post-entry-6048'><div class='entry-content-wrapper clearfix'>\n\n<style type=\"text\/css\" data-created_by=\"avia_inline_auto\" id=\"style-css-av-jsq1p49e-4466edadd75c5b39b89fce8a16a19bab\">\n#top .av-special-heading.av-jsq1p49e-4466edadd75c5b39b89fce8a16a19bab{\npadding-bottom:0;\ncolor:#ffffff;\n}\nbody .av-special-heading.av-jsq1p49e-4466edadd75c5b39b89fce8a16a19bab .av-special-heading-tag .heading-char{\nfont-size:25px;\n}\n.av-special-heading.av-jsq1p49e-4466edadd75c5b39b89fce8a16a19bab .special-heading-inner-border{\nborder-color:#ffffff;\n}\n.av-special-heading.av-jsq1p49e-4466edadd75c5b39b89fce8a16a19bab .av-subheading{\nfont-size:15px;\n}\n\n@media only screen and (min-width: 768px) and (max-width: 989px){ \n#top #wrap_all .av-special-heading.av-jsq1p49e-4466edadd75c5b39b89fce8a16a19bab .av-special-heading-tag{\nfont-size:56px;\n}\n}\n\n@media only screen and (min-width: 480px) and (max-width: 767px){ \n#top #wrap_all .av-special-heading.av-jsq1p49e-4466edadd75c5b39b89fce8a16a19bab .av-special-heading-tag{\nfont-size:48px;\n}\n}\n\n@media only screen and (max-width: 479px){ \n#top #wrap_all .av-special-heading.av-jsq1p49e-4466edadd75c5b39b89fce8a16a19bab .av-special-heading-tag{\nfont-size:31px;\n}\n}\n<\/style>\n<div  class='av-special-heading av-jsq1p49e-4466edadd75c5b39b89fce8a16a19bab av-special-heading-h1 custom-color-heading blockquote modern-quote  avia-builder-el-1  avia-builder-el-no-sibling '><h1 class='av-special-heading-tag '  itemprop=\"headline\"  >Jetzt anmelden!<\/h1><div class=\"special-heading-border\"><div class=\"special-heading-inner-border\"><\/div><\/div><\/div>\n<\/div><\/div><\/main><!-- close content main element --><\/div><\/div><div id='after_section_1'  class='main_color av_default_container_wrap container_wrap fullsize'  ><div class='container av-section-cont-open' ><div class='template-page content  av-content-full alpha units'><div class='post-entry post-entry-type-page post-entry-6048'><div class='entry-content-wrapper clearfix'>\n\n<style type=\"text\/css\" data-created_by=\"avia_inline_auto\" id=\"style-css-av-2au628-5f9b37df4ed78112148e1b76815231c4\">\n#top .av-special-heading.av-2au628-5f9b37df4ed78112148e1b76815231c4{\npadding-bottom:35px;\n}\nbody .av-special-heading.av-2au628-5f9b37df4ed78112148e1b76815231c4 .av-special-heading-tag .heading-char{\nfont-size:25px;\n}\n.av-special-heading.av-2au628-5f9b37df4ed78112148e1b76815231c4 .av-subheading{\nfont-size:15px;\n}\n<\/style>\n<div  class='av-special-heading av-2au628-5f9b37df4ed78112148e1b76815231c4 av-special-heading-h2 blockquote modern-quote  avia-builder-el-2  el_after_av_section  el_before_av_codeblock  avia-builder-el-first '><h2 class='av-special-heading-tag '  itemprop=\"headline\"  >Teilnehmerpreise<\/h2><div class='av-subheading av-subheading_below'><p>(alle Preise verstehen sich zzgl. gesetzl. MwSt.)<\/p>\n<\/div><div class=\"special-heading-border\"><div class=\"special-heading-inner-border\"><\/div><\/div><\/div>\n\n","protected":false},"excerpt":{"rendered":"","protected":false},"author":7,"featured_media":0,"parent":0,"menu_order":0,"comment_status":"closed","ping_status":"closed","template":"","meta":{"footnotes":""},"class_list":["post-6048","page","type-page","status-publish","hentry"],"yoast_head":"<!-- This site is optimized with the Yoast SEO plugin v27.4 - https:\/\/yoast.com\/product\/yoast-seo-wordpress\/ -->\n<title>HORIZONT Werbewirkungsgipfel | Ticket kaufen &amp; bestellen<\/title>\n<meta name=\"description\" content=\"Seien Sie dabei und treffen Sie F\u00fchrungskr\u00e4fte, Unternehmer und Top-Entscheider aus f\u00fchrenden Unternehmen der Branche. Jetzt anmelden!\" \/>\n<meta name=\"robots\" content=\"index, follow, max-snippet:-1, max-image-preview:large, max-video-preview:-1\" \/>\n<link rel=\"canonical\" href=\"https:\/\/horizont.dfvcg-events.de\/werbewirkungsgipfel\/jetzt-anmelden\/\" \/>\n<meta property=\"og:locale\" content=\"de_DE\" \/>\n<meta property=\"og:type\" content=\"article\" \/>\n<meta property=\"og:title\" content=\"HORIZONT Werbewirkungsgipfel | Ticket kaufen &amp; bestellen\" \/>\n<meta property=\"og:description\" content=\"Seien Sie dabei und treffen Sie F\u00fchrungskr\u00e4fte, Unternehmer und Top-Entscheider aus f\u00fchrenden Unternehmen der Branche. Jetzt anmelden!\" \/>\n<meta property=\"og:url\" content=\"https:\/\/horizont.dfvcg-events.de\/werbewirkungsgipfel\/jetzt-anmelden\/\" \/>\n<meta property=\"og:site_name\" content=\"HORIZONT Werbewirkungsgipfel\" \/>\n<meta property=\"article:modified_time\" content=\"2025-09-04T11:12:23+00:00\" \/>\n<meta property=\"og:image\" content=\"https:\/\/horizont.dfvcg-events.de\/werbewirkungsgipfel\/wp-content\/uploads\/2024\/01\/wwg-2024-logo-header.png\" \/>\n\t<meta property=\"og:image:width\" content=\"708\" \/>\n\t<meta property=\"og:image:height\" content=\"325\" \/>\n\t<meta property=\"og:image:type\" content=\"image\/png\" \/>\n<meta name=\"twitter:card\" content=\"summary_large_image\" \/>\n<meta name=\"twitter:label1\" content=\"Gesch\u00e4tzte Lesezeit\" \/>\n\t<meta name=\"twitter:data1\" content=\"1\u00a0Minute\" \/>\n<script type=\"application\/ld+json\" class=\"yoast-schema-graph\">{\"@context\":\"https:\\\/\\\/schema.org\",\"@graph\":[{\"@type\":\"WebPage\",\"@id\":\"https:\\\/\\\/horizont.dfvcg-events.de\\\/werbewirkungsgipfel\\\/jetzt-anmelden\\\/\",\"url\":\"https:\\\/\\\/horizont.dfvcg-events.de\\\/werbewirkungsgipfel\\\/jetzt-anmelden\\\/\",\"name\":\"HORIZONT Werbewirkungsgipfel | Ticket kaufen & bestellen\",\"isPartOf\":{\"@id\":\"https:\\\/\\\/horizont.dfvcg-events.de\\\/werbewirkungsgipfel\\\/#website\"},\"datePublished\":\"2021-12-03T11:53:13+00:00\",\"dateModified\":\"2025-09-04T11:12:23+00:00\",\"description\":\"Seien Sie dabei und treffen Sie F\u00fchrungskr\u00e4fte, Unternehmer und Top-Entscheider aus f\u00fchrenden Unternehmen der Branche. Jetzt anmelden!\",\"breadcrumb\":{\"@id\":\"https:\\\/\\\/horizont.dfvcg-events.de\\\/werbewirkungsgipfel\\\/jetzt-anmelden\\\/#breadcrumb\"},\"inLanguage\":\"de\",\"potentialAction\":[{\"@type\":\"ReadAction\",\"target\":[\"https:\\\/\\\/horizont.dfvcg-events.de\\\/werbewirkungsgipfel\\\/jetzt-anmelden\\\/\"]}]},{\"@type\":\"BreadcrumbList\",\"@id\":\"https:\\\/\\\/horizont.dfvcg-events.de\\\/werbewirkungsgipfel\\\/jetzt-anmelden\\\/#breadcrumb\",\"itemListElement\":[{\"@type\":\"ListItem\",\"position\":1,\"name\":\"Startseite\",\"item\":\"https:\\\/\\\/horizont.dfvcg-events.de\\\/werbewirkungsgipfel\\\/\"},{\"@type\":\"ListItem\",\"position\":2,\"name\":\"Jetzt anmelden!\"}]},{\"@type\":\"WebSite\",\"@id\":\"https:\\\/\\\/horizont.dfvcg-events.de\\\/werbewirkungsgipfel\\\/#website\",\"url\":\"https:\\\/\\\/horizont.dfvcg-events.de\\\/werbewirkungsgipfel\\\/\",\"name\":\"HORIZONT Werbewirkungsgipfel\",\"description\":\"Der Jahrestreff f\u00fcr Werbetreibende, Agenturvertreter:innen und Vermarkter!\",\"publisher\":{\"@id\":\"https:\\\/\\\/horizont.dfvcg-events.de\\\/werbewirkungsgipfel\\\/#organization\"},\"alternateName\":\"HORIZONT WWG\",\"potentialAction\":[{\"@type\":\"SearchAction\",\"target\":{\"@type\":\"EntryPoint\",\"urlTemplate\":\"https:\\\/\\\/horizont.dfvcg-events.de\\\/werbewirkungsgipfel\\\/?s={search_term_string}\"},\"query-input\":{\"@type\":\"PropertyValueSpecification\",\"valueRequired\":true,\"valueName\":\"search_term_string\"}}],\"inLanguage\":\"de\"},{\"@type\":\"Organization\",\"@id\":\"https:\\\/\\\/horizont.dfvcg-events.de\\\/werbewirkungsgipfel\\\/#organization\",\"name\":\"HORIZONT Werbewirkungsgipfel\",\"alternateName\":\"HORIZONT WWG\",\"url\":\"https:\\\/\\\/horizont.dfvcg-events.de\\\/werbewirkungsgipfel\\\/\",\"logo\":{\"@type\":\"ImageObject\",\"inLanguage\":\"de\",\"@id\":\"https:\\\/\\\/horizont.dfvcg-events.de\\\/werbewirkungsgipfel\\\/#\\\/schema\\\/logo\\\/image\\\/\",\"url\":\"https:\\\/\\\/horizont.dfvcg-events.de\\\/werbewirkungsgipfel\\\/wp-content\\\/uploads\\\/2024\\\/03\\\/insights-werbewirkungsgipfel-logo-animation.gif\",\"contentUrl\":\"https:\\\/\\\/horizont.dfvcg-events.de\\\/werbewirkungsgipfel\\\/wp-content\\\/uploads\\\/2024\\\/03\\\/insights-werbewirkungsgipfel-logo-animation.gif\",\"width\":800,\"height\":800,\"caption\":\"HORIZONT Werbewirkungsgipfel\"},\"image\":{\"@id\":\"https:\\\/\\\/horizont.dfvcg-events.de\\\/werbewirkungsgipfel\\\/#\\\/schema\\\/logo\\\/image\\\/\"}}]}<\/script>\n<!-- \/ Yoast SEO plugin. -->","yoast_head_json":{"title":"HORIZONT Werbewirkungsgipfel | Ticket kaufen & bestellen","description":"Seien Sie dabei und treffen Sie F\u00fchrungskr\u00e4fte, Unternehmer und Top-Entscheider aus f\u00fchrenden Unternehmen der Branche. Jetzt anmelden!","robots":{"index":"index","follow":"follow","max-snippet":"max-snippet:-1","max-image-preview":"max-image-preview:large","max-video-preview":"max-video-preview:-1"},"canonical":"https:\/\/horizont.dfvcg-events.de\/werbewirkungsgipfel\/jetzt-anmelden\/","og_locale":"de_DE","og_type":"article","og_title":"HORIZONT Werbewirkungsgipfel | Ticket kaufen & bestellen","og_description":"Seien Sie dabei und treffen Sie F\u00fchrungskr\u00e4fte, Unternehmer und Top-Entscheider aus f\u00fchrenden Unternehmen der Branche. Jetzt anmelden!","og_url":"https:\/\/horizont.dfvcg-events.de\/werbewirkungsgipfel\/jetzt-anmelden\/","og_site_name":"HORIZONT Werbewirkungsgipfel","article_modified_time":"2025-09-04T11:12:23+00:00","og_image":[{"width":708,"height":325,"url":"https:\/\/horizont.dfvcg-events.de\/werbewirkungsgipfel\/wp-content\/uploads\/2024\/01\/wwg-2024-logo-header.png","type":"image\/png"}],"twitter_card":"summary_large_image","twitter_misc":{"Gesch\u00e4tzte Lesezeit":"1\u00a0Minute"},"schema":{"@context":"https:\/\/schema.org","@graph":[{"@type":"WebPage","@id":"https:\/\/horizont.dfvcg-events.de\/werbewirkungsgipfel\/jetzt-anmelden\/","url":"https:\/\/horizont.dfvcg-events.de\/werbewirkungsgipfel\/jetzt-anmelden\/","name":"HORIZONT Werbewirkungsgipfel | Ticket kaufen & bestellen","isPartOf":{"@id":"https:\/\/horizont.dfvcg-events.de\/werbewirkungsgipfel\/#website"},"datePublished":"2021-12-03T11:53:13+00:00","dateModified":"2025-09-04T11:12:23+00:00","description":"Seien Sie dabei und treffen Sie F\u00fchrungskr\u00e4fte, Unternehmer und Top-Entscheider aus f\u00fchrenden Unternehmen der Branche. Jetzt anmelden!","breadcrumb":{"@id":"https:\/\/horizont.dfvcg-events.de\/werbewirkungsgipfel\/jetzt-anmelden\/#breadcrumb"},"inLanguage":"de","potentialAction":[{"@type":"ReadAction","target":["https:\/\/horizont.dfvcg-events.de\/werbewirkungsgipfel\/jetzt-anmelden\/"]}]},{"@type":"BreadcrumbList","@id":"https:\/\/horizont.dfvcg-events.de\/werbewirkungsgipfel\/jetzt-anmelden\/#breadcrumb","itemListElement":[{"@type":"ListItem","position":1,"name":"Startseite","item":"https:\/\/horizont.dfvcg-events.de\/werbewirkungsgipfel\/"},{"@type":"ListItem","position":2,"name":"Jetzt anmelden!"}]},{"@type":"WebSite","@id":"https:\/\/horizont.dfvcg-events.de\/werbewirkungsgipfel\/#website","url":"https:\/\/horizont.dfvcg-events.de\/werbewirkungsgipfel\/","name":"HORIZONT Werbewirkungsgipfel","description":"Der Jahrestreff f\u00fcr Werbetreibende, Agenturvertreter:innen und Vermarkter!","publisher":{"@id":"https:\/\/horizont.dfvcg-events.de\/werbewirkungsgipfel\/#organization"},"alternateName":"HORIZONT WWG","potentialAction":[{"@type":"SearchAction","target":{"@type":"EntryPoint","urlTemplate":"https:\/\/horizont.dfvcg-events.de\/werbewirkungsgipfel\/?s={search_term_string}"},"query-input":{"@type":"PropertyValueSpecification","valueRequired":true,"valueName":"search_term_string"}}],"inLanguage":"de"},{"@type":"Organization","@id":"https:\/\/horizont.dfvcg-events.de\/werbewirkungsgipfel\/#organization","name":"HORIZONT Werbewirkungsgipfel","alternateName":"HORIZONT WWG","url":"https:\/\/horizont.dfvcg-events.de\/werbewirkungsgipfel\/","logo":{"@type":"ImageObject","inLanguage":"de","@id":"https:\/\/horizont.dfvcg-events.de\/werbewirkungsgipfel\/#\/schema\/logo\/image\/","url":"https:\/\/horizont.dfvcg-events.de\/werbewirkungsgipfel\/wp-content\/uploads\/2024\/03\/insights-werbewirkungsgipfel-logo-animation.gif","contentUrl":"https:\/\/horizont.dfvcg-events.de\/werbewirkungsgipfel\/wp-content\/uploads\/2024\/03\/insights-werbewirkungsgipfel-logo-animation.gif","width":800,"height":800,"caption":"HORIZONT Werbewirkungsgipfel"},"image":{"@id":"https:\/\/horizont.dfvcg-events.de\/werbewirkungsgipfel\/#\/schema\/logo\/image\/"}}]}},"_links":{"self":[{"href":"https:\/\/horizont.dfvcg-events.de\/werbewirkungsgipfel\/wp-json\/wp\/v2\/pages\/6048","targetHints":{"allow":["GET"]}}],"collection":[{"href":"https:\/\/horizont.dfvcg-events.de\/werbewirkungsgipfel\/wp-json\/wp\/v2\/pages"}],"about":[{"href":"https:\/\/horizont.dfvcg-events.de\/werbewirkungsgipfel\/wp-json\/wp\/v2\/types\/page"}],"author":[{"embeddable":true,"href":"https:\/\/horizont.dfvcg-events.de\/werbewirkungsgipfel\/wp-json\/wp\/v2\/users\/7"}],"replies":[{"embeddable":true,"href":"https:\/\/horizont.dfvcg-events.de\/werbewirkungsgipfel\/wp-json\/wp\/v2\/comments?post=6048"}],"version-history":[{"count":10,"href":"https:\/\/horizont.dfvcg-events.de\/werbewirkungsgipfel\/wp-json\/wp\/v2\/pages\/6048\/revisions"}],"predecessor-version":[{"id":10599,"href":"https:\/\/horizont.dfvcg-events.de\/werbewirkungsgipfel\/wp-json\/wp\/v2\/pages\/6048\/revisions\/10599"}],"wp:attachment":[{"href":"https:\/\/horizont.dfvcg-events.de\/werbewirkungsgipfel\/wp-json\/wp\/v2\/media?parent=6048"}],"curies":[{"name":"wp","href":"https:\/\/api.w.org\/{rel}","templated":true}]}}