{"id":7074,"date":"2022-05-30T15:44:05","date_gmt":"2022-05-30T13:44:05","guid":{"rendered":"https:\/\/horizont.dfvcg-events.de\/werbewirkungsgipfel\/?page_id=7074"},"modified":"2026-04-02T12:13:29","modified_gmt":"2026-04-02T10:13:29","slug":"preisverleihung","status":"publish","type":"page","link":"https:\/\/horizont.dfvcg-events.de\/werbewirkungsgipfel\/preisverleihung\/","title":{"rendered":"Preisverleihung"},"content":{"rendered":"<div id='av_section_1'  class='avia-section av-1fu7ubc-5c2978309df57a4a5e6407e83384892b main_color avia-section-small avia-no-border-styling  avia-builder-el-0  el_before_av_section  avia-builder-el-first  header-verlauf avia-bg-style-scroll container_wrap fullsize'  ><div class='container av-section-cont-open' ><main  role=\"main\" itemprop=\"mainContentOfPage\"  class='template-page content  av-content-full alpha units'><div class='post-entry post-entry-type-page post-entry-7074'><div class='entry-content-wrapper clearfix'>\n\n<style type=\"text\/css\" data-created_by=\"avia_inline_auto\" id=\"style-css-av-9fg8aq-3253ccab95733cae808e6202ff253ba1\">\n#top .av-special-heading.av-9fg8aq-3253ccab95733cae808e6202ff253ba1{\npadding-bottom:0;\ncolor:#ffffff;\n}\nbody .av-special-heading.av-9fg8aq-3253ccab95733cae808e6202ff253ba1 .av-special-heading-tag .heading-char{\nfont-size:25px;\n}\n.av-special-heading.av-9fg8aq-3253ccab95733cae808e6202ff253ba1 .special-heading-inner-border{\nborder-color:#ffffff;\n}\n.av-special-heading.av-9fg8aq-3253ccab95733cae808e6202ff253ba1 .av-subheading{\nfont-size:24px;\n}\n\n@media only screen and (min-width: 768px) and (max-width: 989px){ \n#top #wrap_all .av-special-heading.av-9fg8aq-3253ccab95733cae808e6202ff253ba1 .av-special-heading-tag{\nfont-size:56px;\n}\n}\n\n@media only screen and (min-width: 480px) and (max-width: 767px){ \n#top #wrap_all .av-special-heading.av-9fg8aq-3253ccab95733cae808e6202ff253ba1 .av-special-heading-tag{\nfont-size:48px;\n}\n}\n\n@media only screen and (max-width: 479px){ \n#top #wrap_all .av-special-heading.av-9fg8aq-3253ccab95733cae808e6202ff253ba1 .av-special-heading-tag{\nfont-size:31px;\n}\n}\n<\/style>\n<div  class='av-special-heading av-9fg8aq-3253ccab95733cae808e6202ff253ba1 av-special-heading-h1 custom-color-heading blockquote modern-quote  avia-builder-el-1  avia-builder-el-no-sibling '><h1 class='av-special-heading-tag '  itemprop=\"headline\"  >The real Impact Award 2026 &#8211; HORIZONT Werbewirkungsgipfel<\/h1><div class=\"special-heading-border\"><div class=\"special-heading-inner-border\"><\/div><\/div><\/div>\n\n<\/div><\/div><\/main><!-- close content main element --><\/div><\/div>\n<style type=\"text\/css\" data-created_by=\"avia_inline_auto\" id=\"style-css-av-21l442-4453c6a0501a0a91975718a57f34110d\">\n.avia-section.av-21l442-4453c6a0501a0a91975718a57f34110d{\nbackground-color:#000000;\nbackground-image:unset;\n}\n<\/style>\n<div id='av_section_2'  class='avia-section av-21l442-4453c6a0501a0a91975718a57f34110d main_color avia-section-large avia-no-border-styling  avia-builder-el-2  el_after_av_section  el_before_av_section  avia-bg-style-scroll container_wrap fullsize'  ><div class='container av-section-cont-open' ><div class='template-page content  av-content-full alpha units'><div class='post-entry post-entry-type-page post-entry-7074'><div class='entry-content-wrapper clearfix'>\n\n<style type=\"text\/css\" data-created_by=\"avia_inline_auto\" id=\"style-css-av-lgqcq2km-43abde0e742fddc60c46d543efdf520b\">\n#top .av_textblock_section.av-lgqcq2km-43abde0e742fddc60c46d543efdf520b .avia_textblock{\ncolor:#ffffff;\n}\n<\/style>\n<section  class='av_textblock_section av-lgqcq2km-43abde0e742fddc60c46d543efdf520b '   itemscope=\"itemscope\" itemtype=\"https:\/\/schema.org\/CreativeWork\" ><div class='avia_textblock av_inherit_color'  itemprop=\"text\" ><p><strong>Welche Initiative bringt die Werbewirkung in Deutschland voran?<\/strong><\/p>\n<p>Heutzutage lassen sich immer mehr Daten sammeln. Aber wie k\u00f6nnen diese f\u00fcr die Messung und Interpretation von Werbewirkung aussagef\u00e4hige Ergebnisse liefern?<\/p>\n<p>Wer in Werbung investiert, m\u00f6chte erfahren, ob die kostspieligen Werbema\u00dfnahmen bei der anvisierten Zielgruppe auch ankommen und zum gew\u00fcnschten Kommunikationsziel (wie Markenbekanntheit, Image, Abverk\u00e4ufe und Leads) beitragen. Werbewirkungsforschung liefert entsprechende Erkenntnisse f\u00fcrs Marketing. Und damit bessere Voraussetzungen, um Kampagnen mit optimaler Werbewirkung zu konzipieren.<br \/>\nDabei stehen eine Vielzahl an Studien immer mehr Werbe- und Kommunikationsm\u00f6glichkeiten gegen\u00fcber. Doch welche Studie bringt welchen Impact in der Praxis?<\/p>\n<\/div><\/section>\n\n<\/div><\/div><\/div><!-- close content main div --><\/div><\/div><div id='av_section_3'  class='avia-section av-6y7502-dc1dbed30aab81ce7ed4570116bcae98 main_color avia-section-default avia-no-border-styling  avia-builder-el-4  el_after_av_section  avia-builder-el-last  avia-bg-style-scroll container_wrap fullsize'  ><div class='container av-section-cont-open' ><div class='template-page content  av-content-full alpha units'><div class='post-entry post-entry-type-page post-entry-7074'><div class='entry-content-wrapper clearfix'>\n\n<style type=\"text\/css\" data-created_by=\"avia_inline_auto\" id=\"style-css-av-mmxh95qx-34a4e9e5ae44f38da410e71b855105a9\">\n.avia-image-container.av-mmxh95qx-34a4e9e5ae44f38da410e71b855105a9 img.avia_image{\nbox-shadow:none;\n}\n.avia-image-container.av-mmxh95qx-34a4e9e5ae44f38da410e71b855105a9 .av-image-caption-overlay-center{\ncolor:#ffffff;\n}\n<\/style>\n<div  class='avia-image-container av-mmxh95qx-34a4e9e5ae44f38da410e71b855105a9 av-styling- avia-align-center  avia-builder-el-5  el_before_av_textblock  avia-builder-el-first '   itemprop=\"image\" itemscope=\"itemscope\" itemtype=\"https:\/\/schema.org\/ImageObject\" ><div class=\"avia-image-container-inner\"><div class=\"avia-image-overlay-wrap\"><img decoding=\"async\" fetchpriority=\"high\" class='wp-image-10852 avia-img-lazy-loading-not-10852 avia_image ' src=\"https:\/\/horizont.dfvcg-events.de\/werbewirkungsgipfel\/wp-content\/uploads\/2026\/04\/Jury-Grafik.png\" alt='' title='Jury-Grafik'  height=\"2160\" width=\"3840\"  itemprop=\"thumbnailUrl\" srcset=\"https:\/\/horizont.dfvcg-events.de\/werbewirkungsgipfel\/wp-content\/uploads\/2026\/04\/Jury-Grafik.png 3840w, https:\/\/horizont.dfvcg-events.de\/werbewirkungsgipfel\/wp-content\/uploads\/2026\/04\/Jury-Grafik-1500x844.png 1500w, https:\/\/horizont.dfvcg-events.de\/werbewirkungsgipfel\/wp-content\/uploads\/2026\/04\/Jury-Grafik-705x397.png 705w\" sizes=\"(max-width: 3840px) 100vw, 3840px\" \/><\/div><\/div><\/div>\n<section  class='av_textblock_section av-4dxldu-842bbb110483c34bb15a5e36da69d7ed '   itemscope=\"itemscope\" itemtype=\"https:\/\/schema.org\/CreativeWork\" ><div class='avia_textblock'  itemprop=\"text\" ><p>Im Folgenden finden Sie das <a href=\"https:\/\/horizont.dfvcg-events.de\/werbewirkungsgipfel\/wp-content\/uploads\/2026\/03\/Kriterienkatalog_The-Real-Impact_2026.pdf\" target=\"_blank\" rel=\"noopener\"><strong>Formular zur Einreichung einer Studie<\/strong><\/a>. Bitte f\u00fcllen Sie alle 4 Pflichtkriterien vollst\u00e4ndig aus und erg\u00e4nzen Sie das Formular um erg\u00e4nzende Informationen zur Studie via Mail.<\/p>\n<p>Senden Sie zur Einreichung das ausgef\u00fcllte PDF bitte an:<\/p>\n<p><strong>Janina L\u00f6w<\/strong><br class=\"avia-permanent-lb\" \/><a href=\"mailto:j&#97;&#110;&#105;&#110;&#97;&#46;&#108;&#111;&#101;&#119;&#x40;&#x64;&#x66;&#x76;&#x63;&#x67;&#x2e;&#x64;&#x65;\">jan&#105;&#110;&#97;&#x2e;&#x6c;&#x6f;&#x65;&#x77;&#x40;dfv&#99;&#103;&#46;&#100;&#x65;<\/a><\/p>\n<p><strong>Einreichungsfrist: 16.06.2026<\/strong><\/p>\n<p>Die eingereichten Studien werden im Rahmen der Jurysitzung gepr\u00fcft, diskutiert und anhand des Kriterienkatalogs bewertet. Die Studie mit den meisten Jurypunkten in allen Kriterien hat zwischen dem <strong>01.10.2025<\/strong>\u00a0und dem <strong>01.08.2026<\/strong>\u00a0den gr\u00f6\u00dften Erkenntnisgewinn bei der Messung oder der Interpretation der Werbewirkung in Deutschland gebracht. Diese Studie wird am <strong>08.\/09. September 2026<\/strong>\u00a0im Rahmen des <strong>HORIZONT Werbewirkungsgipfels im Uni Campus Westend, Frankfurt am Main<\/strong> zum Gewinner gek\u00fcrt und erh\u00e4lt den \u201eTHE REAL IMPACT\u201c Award 2026.<\/p>\n<p>Wir freuen uns auf Ihre Einreichungen!<\/p>\n<\/div><\/section>\n<div  class='avia-button-wrap av-27hqfm-0c6ac97d05856318754defbafa06d2be-wrap avia-button-left  avia-builder-el-7  el_after_av_textblock  avia-builder-el-last '><a href='https:\/\/horizont.dfvcg-events.de\/werbewirkungsgipfel\/wp-content\/uploads\/2026\/04\/Kriterienkatalog_The-Real-Impact_2026.pdf'  class='avia-button av-27hqfm-0c6ac97d05856318754defbafa06d2be av-link-btn avia-icon_select-yes-left-icon avia-size-large avia-position-left avia-color-theme-color'  target=\"_blank\"  rel=\"noopener noreferrer\"  aria-label=\"Formular zur Einreichung\"><span class='avia_button_icon avia_button_icon_left avia-iconfont avia-font-entypo-fontello' data-av_icon='\ue84d' data-av_iconfont='entypo-fontello' ><\/span><span class='avia_iconbox_title' >Formular zur Einreichung<\/span><\/a><\/div>\n\n","protected":false},"excerpt":{"rendered":"","protected":false},"author":1,"featured_media":0,"parent":0,"menu_order":0,"comment_status":"closed","ping_status":"closed","template":"","meta":{"footnotes":""},"class_list":["post-7074","page","type-page","status-publish","hentry"],"yoast_head":"<!-- This site is optimized with the Yoast SEO plugin v27.4 - https:\/\/yoast.com\/product\/yoast-seo-wordpress\/ -->\n<title>HORIZONT Werbewirkungsgipfel 2022 | Programm<\/title>\n<meta name=\"description\" content=\"Alle teilnehmende Person des &quot;HORIZONT Werbewirkungsgipfel 2022&quot; erwarteten Sie Top-Vortragende aus der Werbewirkungs- und Marktforschung.\" \/>\n<meta name=\"robots\" content=\"index, follow, max-snippet:-1, max-image-preview:large, max-video-preview:-1\" \/>\n<link rel=\"canonical\" href=\"https:\/\/horizont.dfvcg-events.de\/werbewirkungsgipfel\/preisverleihung\/\" \/>\n<meta property=\"og:locale\" content=\"de_DE\" \/>\n<meta property=\"og:type\" content=\"article\" \/>\n<meta property=\"og:title\" content=\"HORIZONT Werbewirkungsgipfel 2018 - Programm\" \/>\n<meta property=\"og:description\" content=\"Der &quot;HORIZONT Werbewirkungsgipfel 2018&quot; informiert \u00fcber den aktuellen Stand und die Herausforderungen der Werbewirkungsforschung.\" \/>\n<meta property=\"og:url\" content=\"https:\/\/horizont.dfvcg-events.de\/werbewirkungsgipfel\/preisverleihung\/\" \/>\n<meta property=\"og:site_name\" content=\"HORIZONT Werbewirkungsgipfel\" \/>\n<meta property=\"article:modified_time\" content=\"2026-04-02T10:13:29+00:00\" \/>\n<meta property=\"og:image\" content=\"https:\/\/horizont.dfvcg-events.de\/werbewirkungsgipfel\/wp-content\/uploads\/2024\/01\/wwg-2024-logo-header.png\" \/>\n\t<meta property=\"og:image:width\" content=\"708\" \/>\n\t<meta property=\"og:image:height\" content=\"325\" \/>\n\t<meta property=\"og:image:type\" content=\"image\/png\" \/>\n<meta name=\"twitter:card\" content=\"summary_large_image\" \/>\n<meta name=\"twitter:title\" content=\"Deutscher Medienkongress 2018 - Programm\" \/>\n<meta name=\"twitter:description\" content=\"Als Teilnehmer des Deutschen Medienkongress 2018 erwarten Sie die wichtigsten Themen, Innovationen und Highlights der Branche.\" \/>\n<meta name=\"twitter:label1\" content=\"Gesch\u00e4tzte Lesezeit\" \/>\n\t<meta name=\"twitter:data1\" content=\"2\u00a0Minuten\" \/>\n<script type=\"application\/ld+json\" class=\"yoast-schema-graph\">{\"@context\":\"https:\\\/\\\/schema.org\",\"@graph\":[{\"@type\":\"WebPage\",\"@id\":\"https:\\\/\\\/horizont.dfvcg-events.de\\\/werbewirkungsgipfel\\\/preisverleihung\\\/\",\"url\":\"https:\\\/\\\/horizont.dfvcg-events.de\\\/werbewirkungsgipfel\\\/preisverleihung\\\/\",\"name\":\"HORIZONT Werbewirkungsgipfel 2022 | Programm\",\"isPartOf\":{\"@id\":\"https:\\\/\\\/horizont.dfvcg-events.de\\\/werbewirkungsgipfel\\\/#website\"},\"datePublished\":\"2022-05-30T13:44:05+00:00\",\"dateModified\":\"2026-04-02T10:13:29+00:00\",\"description\":\"Alle teilnehmende Person des \\\"HORIZONT Werbewirkungsgipfel 2022\\\" erwarteten Sie Top-Vortragende aus der Werbewirkungs- und Marktforschung.\",\"breadcrumb\":{\"@id\":\"https:\\\/\\\/horizont.dfvcg-events.de\\\/werbewirkungsgipfel\\\/preisverleihung\\\/#breadcrumb\"},\"inLanguage\":\"de\",\"potentialAction\":[{\"@type\":\"ReadAction\",\"target\":[\"https:\\\/\\\/horizont.dfvcg-events.de\\\/werbewirkungsgipfel\\\/preisverleihung\\\/\"]}]},{\"@type\":\"BreadcrumbList\",\"@id\":\"https:\\\/\\\/horizont.dfvcg-events.de\\\/werbewirkungsgipfel\\\/preisverleihung\\\/#breadcrumb\",\"itemListElement\":[{\"@type\":\"ListItem\",\"position\":1,\"name\":\"Startseite\",\"item\":\"https:\\\/\\\/horizont.dfvcg-events.de\\\/werbewirkungsgipfel\\\/\"},{\"@type\":\"ListItem\",\"position\":2,\"name\":\"Preisverleihung\"}]},{\"@type\":\"WebSite\",\"@id\":\"https:\\\/\\\/horizont.dfvcg-events.de\\\/werbewirkungsgipfel\\\/#website\",\"url\":\"https:\\\/\\\/horizont.dfvcg-events.de\\\/werbewirkungsgipfel\\\/\",\"name\":\"HORIZONT Werbewirkungsgipfel\",\"description\":\"Der Jahrestreff f\u00fcr Werbetreibende, Agenturvertreter:innen und Vermarkter!\",\"publisher\":{\"@id\":\"https:\\\/\\\/horizont.dfvcg-events.de\\\/werbewirkungsgipfel\\\/#organization\"},\"alternateName\":\"HORIZONT WWG\",\"potentialAction\":[{\"@type\":\"SearchAction\",\"target\":{\"@type\":\"EntryPoint\",\"urlTemplate\":\"https:\\\/\\\/horizont.dfvcg-events.de\\\/werbewirkungsgipfel\\\/?s={search_term_string}\"},\"query-input\":{\"@type\":\"PropertyValueSpecification\",\"valueRequired\":true,\"valueName\":\"search_term_string\"}}],\"inLanguage\":\"de\"},{\"@type\":\"Organization\",\"@id\":\"https:\\\/\\\/horizont.dfvcg-events.de\\\/werbewirkungsgipfel\\\/#organization\",\"name\":\"HORIZONT Werbewirkungsgipfel\",\"alternateName\":\"HORIZONT WWG\",\"url\":\"https:\\\/\\\/horizont.dfvcg-events.de\\\/werbewirkungsgipfel\\\/\",\"logo\":{\"@type\":\"ImageObject\",\"inLanguage\":\"de\",\"@id\":\"https:\\\/\\\/horizont.dfvcg-events.de\\\/werbewirkungsgipfel\\\/#\\\/schema\\\/logo\\\/image\\\/\",\"url\":\"https:\\\/\\\/horizont.dfvcg-events.de\\\/werbewirkungsgipfel\\\/wp-content\\\/uploads\\\/2024\\\/03\\\/insights-werbewirkungsgipfel-logo-animation.gif\",\"contentUrl\":\"https:\\\/\\\/horizont.dfvcg-events.de\\\/werbewirkungsgipfel\\\/wp-content\\\/uploads\\\/2024\\\/03\\\/insights-werbewirkungsgipfel-logo-animation.gif\",\"width\":800,\"height\":800,\"caption\":\"HORIZONT Werbewirkungsgipfel\"},\"image\":{\"@id\":\"https:\\\/\\\/horizont.dfvcg-events.de\\\/werbewirkungsgipfel\\\/#\\\/schema\\\/logo\\\/image\\\/\"}}]}<\/script>\n<!-- \/ Yoast SEO plugin. -->","yoast_head_json":{"title":"HORIZONT Werbewirkungsgipfel 2022 | Programm","description":"Alle teilnehmende Person des \"HORIZONT Werbewirkungsgipfel 2022\" erwarteten Sie Top-Vortragende aus der Werbewirkungs- und Marktforschung.","robots":{"index":"index","follow":"follow","max-snippet":"max-snippet:-1","max-image-preview":"max-image-preview:large","max-video-preview":"max-video-preview:-1"},"canonical":"https:\/\/horizont.dfvcg-events.de\/werbewirkungsgipfel\/preisverleihung\/","og_locale":"de_DE","og_type":"article","og_title":"HORIZONT Werbewirkungsgipfel 2018 - Programm","og_description":"Der \"HORIZONT Werbewirkungsgipfel 2018\" informiert \u00fcber den aktuellen Stand und die Herausforderungen der Werbewirkungsforschung.","og_url":"https:\/\/horizont.dfvcg-events.de\/werbewirkungsgipfel\/preisverleihung\/","og_site_name":"HORIZONT Werbewirkungsgipfel","article_modified_time":"2026-04-02T10:13:29+00:00","og_image":[{"width":708,"height":325,"url":"https:\/\/horizont.dfvcg-events.de\/werbewirkungsgipfel\/wp-content\/uploads\/2024\/01\/wwg-2024-logo-header.png","type":"image\/png"}],"twitter_card":"summary_large_image","twitter_title":"Deutscher Medienkongress 2018 - Programm","twitter_description":"Als Teilnehmer des Deutschen Medienkongress 2018 erwarten Sie die wichtigsten Themen, Innovationen und Highlights der Branche.","twitter_misc":{"Gesch\u00e4tzte Lesezeit":"2\u00a0Minuten"},"schema":{"@context":"https:\/\/schema.org","@graph":[{"@type":"WebPage","@id":"https:\/\/horizont.dfvcg-events.de\/werbewirkungsgipfel\/preisverleihung\/","url":"https:\/\/horizont.dfvcg-events.de\/werbewirkungsgipfel\/preisverleihung\/","name":"HORIZONT Werbewirkungsgipfel 2022 | Programm","isPartOf":{"@id":"https:\/\/horizont.dfvcg-events.de\/werbewirkungsgipfel\/#website"},"datePublished":"2022-05-30T13:44:05+00:00","dateModified":"2026-04-02T10:13:29+00:00","description":"Alle teilnehmende Person des \"HORIZONT Werbewirkungsgipfel 2022\" erwarteten Sie Top-Vortragende aus der Werbewirkungs- und Marktforschung.","breadcrumb":{"@id":"https:\/\/horizont.dfvcg-events.de\/werbewirkungsgipfel\/preisverleihung\/#breadcrumb"},"inLanguage":"de","potentialAction":[{"@type":"ReadAction","target":["https:\/\/horizont.dfvcg-events.de\/werbewirkungsgipfel\/preisverleihung\/"]}]},{"@type":"BreadcrumbList","@id":"https:\/\/horizont.dfvcg-events.de\/werbewirkungsgipfel\/preisverleihung\/#breadcrumb","itemListElement":[{"@type":"ListItem","position":1,"name":"Startseite","item":"https:\/\/horizont.dfvcg-events.de\/werbewirkungsgipfel\/"},{"@type":"ListItem","position":2,"name":"Preisverleihung"}]},{"@type":"WebSite","@id":"https:\/\/horizont.dfvcg-events.de\/werbewirkungsgipfel\/#website","url":"https:\/\/horizont.dfvcg-events.de\/werbewirkungsgipfel\/","name":"HORIZONT Werbewirkungsgipfel","description":"Der Jahrestreff f\u00fcr Werbetreibende, Agenturvertreter:innen und Vermarkter!","publisher":{"@id":"https:\/\/horizont.dfvcg-events.de\/werbewirkungsgipfel\/#organization"},"alternateName":"HORIZONT WWG","potentialAction":[{"@type":"SearchAction","target":{"@type":"EntryPoint","urlTemplate":"https:\/\/horizont.dfvcg-events.de\/werbewirkungsgipfel\/?s={search_term_string}"},"query-input":{"@type":"PropertyValueSpecification","valueRequired":true,"valueName":"search_term_string"}}],"inLanguage":"de"},{"@type":"Organization","@id":"https:\/\/horizont.dfvcg-events.de\/werbewirkungsgipfel\/#organization","name":"HORIZONT Werbewirkungsgipfel","alternateName":"HORIZONT WWG","url":"https:\/\/horizont.dfvcg-events.de\/werbewirkungsgipfel\/","logo":{"@type":"ImageObject","inLanguage":"de","@id":"https:\/\/horizont.dfvcg-events.de\/werbewirkungsgipfel\/#\/schema\/logo\/image\/","url":"https:\/\/horizont.dfvcg-events.de\/werbewirkungsgipfel\/wp-content\/uploads\/2024\/03\/insights-werbewirkungsgipfel-logo-animation.gif","contentUrl":"https:\/\/horizont.dfvcg-events.de\/werbewirkungsgipfel\/wp-content\/uploads\/2024\/03\/insights-werbewirkungsgipfel-logo-animation.gif","width":800,"height":800,"caption":"HORIZONT Werbewirkungsgipfel"},"image":{"@id":"https:\/\/horizont.dfvcg-events.de\/werbewirkungsgipfel\/#\/schema\/logo\/image\/"}}]}},"_links":{"self":[{"href":"https:\/\/horizont.dfvcg-events.de\/werbewirkungsgipfel\/wp-json\/wp\/v2\/pages\/7074","targetHints":{"allow":["GET"]}}],"collection":[{"href":"https:\/\/horizont.dfvcg-events.de\/werbewirkungsgipfel\/wp-json\/wp\/v2\/pages"}],"about":[{"href":"https:\/\/horizont.dfvcg-events.de\/werbewirkungsgipfel\/wp-json\/wp\/v2\/types\/page"}],"author":[{"embeddable":true,"href":"https:\/\/horizont.dfvcg-events.de\/werbewirkungsgipfel\/wp-json\/wp\/v2\/users\/1"}],"replies":[{"embeddable":true,"href":"https:\/\/horizont.dfvcg-events.de\/werbewirkungsgipfel\/wp-json\/wp\/v2\/comments?post=7074"}],"version-history":[{"count":41,"href":"https:\/\/horizont.dfvcg-events.de\/werbewirkungsgipfel\/wp-json\/wp\/v2\/pages\/7074\/revisions"}],"predecessor-version":[{"id":10856,"href":"https:\/\/horizont.dfvcg-events.de\/werbewirkungsgipfel\/wp-json\/wp\/v2\/pages\/7074\/revisions\/10856"}],"wp:attachment":[{"href":"https:\/\/horizont.dfvcg-events.de\/werbewirkungsgipfel\/wp-json\/wp\/v2\/media?parent=7074"}],"curies":[{"name":"wp","href":"https:\/\/api.w.org\/{rel}","templated":true}]}}